{"id":230,"date":"2020-01-13T11:17:52","date_gmt":"2020-01-13T11:17:52","guid":{"rendered":"https:\/\/demosites.io\/web-agency-gb\/?page_id=5"},"modified":"2021-09-11T10:05:04","modified_gmt":"2021-09-11T10:05:04","slug":"15c42-web-agency-gb-home","status":"publish","type":"page","link":"http:\/\/parketarstvo-kovacic.si\/","title":{"rendered":"Home"},"content":{"rendered":"\n<div class=\"wp-block-cover alignfull\" style=\"min-height:700px\"><img loading=\"lazy\" width=\"2560\" height=\"1920\" class=\"wp-block-cover__image-background wp-image-403\" alt=\"\" src=\"https:\/\/parketarstvo-kovacic.si\/wp-content\/uploads\/2021\/06\/IMG_20210311_111717-scaled.jpg\" style=\"object-position:50% 64%\" data-object-fit=\"cover\" data-object-position=\"50% 64%\" srcset=\"http:\/\/parketarstvo-kovacic.si\/wp-content\/uploads\/2021\/06\/IMG_20210311_111717-scaled.jpg 2560w, http:\/\/parketarstvo-kovacic.si\/wp-content\/uploads\/2021\/06\/IMG_20210311_111717-300x225.jpg 300w, http:\/\/parketarstvo-kovacic.si\/wp-content\/uploads\/2021\/06\/IMG_20210311_111717-1024x768.jpg 1024w, http:\/\/parketarstvo-kovacic.si\/wp-content\/uploads\/2021\/06\/IMG_20210311_111717-768x576.jpg 768w, http:\/\/parketarstvo-kovacic.si\/wp-content\/uploads\/2021\/06\/IMG_20210311_111717-1536x1152.jpg 1536w, http:\/\/parketarstvo-kovacic.si\/wp-content\/uploads\/2021\/06\/IMG_20210311_111717-2048x1536.jpg 2048w\" sizes=\"(max-width: 2560px) 100vw, 2560px\" \/><div class=\"wp-block-cover__inner-container\">\n<h1 class=\"has-text-align-center has-text-color\" style=\"color:#121212\">Prisluhnemo va\u0161im \u017eeljam<\/h1>\n\n\n\n<p> <\/p>\n\n\n\n<p class=\"has-text-align-center has-text-color\" style=\"color:#121212;font-size:29px\"><strong>U\u010dinkovita prenova tal&#8230;.<\/strong><\/p>\n<\/div><\/div>\n\n\n\n<hr class=\"wp-block-separator\"\/>\n\n\n\n<div class=\"wp-block-columns\">\n<div class=\"wp-block-column\">\n<div class=\"wp-block-image\"><figure class=\"aligncenter size-large is-resized\"><img loading=\"lazy\" src=\"https:\/\/parketarstvo-kovacic.si\/wp-content\/uploads\/2021\/06\/041-652-747-1024x1024.png\" alt=\"\" class=\"wp-image-335\" width=\"379\" height=\"379\" srcset=\"http:\/\/parketarstvo-kovacic.si\/wp-content\/uploads\/2021\/06\/041-652-747-1024x1024.png 1024w, http:\/\/parketarstvo-kovacic.si\/wp-content\/uploads\/2021\/06\/041-652-747-300x300.png 300w, http:\/\/parketarstvo-kovacic.si\/wp-content\/uploads\/2021\/06\/041-652-747-150x150.png 150w, http:\/\/parketarstvo-kovacic.si\/wp-content\/uploads\/2021\/06\/041-652-747-768x768.png 768w, http:\/\/parketarstvo-kovacic.si\/wp-content\/uploads\/2021\/06\/041-652-747.png 1080w\" sizes=\"(max-width: 379px) 100vw, 379px\" \/><\/figure><\/div>\n<\/div>\n\n\n\n<div class=\"wp-block-column\">\n<figure class=\"wp-block-image size-large\"><img loading=\"lazy\" width=\"960\" height=\"917\" src=\"https:\/\/parketarstvo-kovacic.si\/wp-content\/uploads\/2021\/06\/naslovna.jpg\" alt=\"\" class=\"wp-image-347\" srcset=\"http:\/\/parketarstvo-kovacic.si\/wp-content\/uploads\/2021\/06\/naslovna.jpg 960w, http:\/\/parketarstvo-kovacic.si\/wp-content\/uploads\/2021\/06\/naslovna-300x287.jpg 300w, http:\/\/parketarstvo-kovacic.si\/wp-content\/uploads\/2021\/06\/naslovna-768x734.jpg 768w\" sizes=\"(max-width: 960px) 100vw, 960px\" \/><\/figure>\n<\/div>\n\n\n\n<div class=\"wp-block-column\">\n<div class=\"wp-block-image\"><figure class=\"aligncenter size-large is-resized\"><img loading=\"lazy\" src=\"https:\/\/parketarstvo-kovacic.si\/wp-content\/uploads\/2021\/06\/PISI-1024x1024.png\" alt=\"\" class=\"wp-image-336\" width=\"380\" height=\"380\" srcset=\"http:\/\/parketarstvo-kovacic.si\/wp-content\/uploads\/2021\/06\/PISI-1024x1024.png 1024w, http:\/\/parketarstvo-kovacic.si\/wp-content\/uploads\/2021\/06\/PISI-300x300.png 300w, http:\/\/parketarstvo-kovacic.si\/wp-content\/uploads\/2021\/06\/PISI-150x150.png 150w, http:\/\/parketarstvo-kovacic.si\/wp-content\/uploads\/2021\/06\/PISI-768x768.png 768w, http:\/\/parketarstvo-kovacic.si\/wp-content\/uploads\/2021\/06\/PISI.png 1080w\" sizes=\"(max-width: 380px) 100vw, 380px\" \/><\/figure><\/div>\n<\/div>\n<\/div>\n\n\n\n<div class=\"wp-block-cover alignfull has-nv-light-bg-background-color has-background-dim\" style=\"min-height:600px\"><div class=\"wp-block-cover__inner-container\">\n<div class=\"wp-block-cover alignfull has-nv-light-bg-background-color has-background-dim\" style=\"min-height:639px\"><div class=\"wp-block-cover__inner-container\">\n<div class=\"wp-block-group\"><div class=\"wp-block-group__inner-container\">\n<div class=\"wp-block-columns are-vertically-aligned-center\">\n<div class=\"wp-block-column is-vertically-aligned-center\" style=\"flex-basis:50%\">\n<div class=\"wp-block-image\"><figure class=\"aligncenter size-large is-resized\"><img loading=\"lazy\" src=\"https:\/\/parketarstvo-kovacic.si\/wp-content\/uploads\/2021\/05\/20170314_120021-obnova-parketa.jpg\" alt=\"\" class=\"wp-image-259\" width=\"567\" height=\"364\" srcset=\"http:\/\/parketarstvo-kovacic.si\/wp-content\/uploads\/2021\/05\/20170314_120021-obnova-parketa.jpg 1024w, http:\/\/parketarstvo-kovacic.si\/wp-content\/uploads\/2021\/05\/20170314_120021-obnova-parketa-300x192.jpg 300w, http:\/\/parketarstvo-kovacic.si\/wp-content\/uploads\/2021\/05\/20170314_120021-obnova-parketa-768x493.jpg 768w\" sizes=\"(max-width: 567px) 100vw, 567px\" \/><\/figure><\/div>\n<\/div>\n\n\n\n<div class=\"wp-block-column is-vertically-aligned-center\" style=\"flex-basis:50%\">\n<div style=\"height:20px\" aria-hidden=\"true\" class=\"wp-block-spacer\"><\/div>\n\n\n\n<h3 class=\"has-text-align-left has-neve-text-color-color has-text-color\"><a href=\"https:\/\/parketarstvo-kovacic.si\/?page_id=413\">Obnova parketa<\/a> (galerija)<\/h3>\n\n\n\n<p class=\"has-neve-link-color-color has-text-color\">Bru\u0161enje in lakiranje parketa ali lesenih talnih oblog. Po polo\u017eenem masivnem klasi\u010dnim ali lamelnim parketom pride faza obdelava parketa. Parket se brusi z razli\u010dnimi granulacijami parketa, tako da dobimo gladko in ravno povr\u0161ino. Re\u017ee med parketnimi de\u0161\u010dicami zapolnimo z zme\u0161anim lesnim prahom in&nbsp; teko\u010dino za kitanje. Re\u017ee so zapolnjene in enake barve kot parket. Kon\u010dno bru\u0161enje se izvaja z strojem kateri enakomerno pogladi vsa lesna vlakna in povr\u0161ino izravna do najlep\u0161ega izgleda. Leseno oblogo polakiramo 3x z zelo kvalitetnimi laki, ki so primerni za bolj obremenjene povr\u0161ine. (\u0161ole, vrtci, telovadnice, poslovni prostori)<\/p>\n<\/div>\n<\/div>\n<\/div><\/div>\n<\/div><\/div>\n\n\n\n<p><\/p>\n<\/div><\/div>\n\n\n\n<div class=\"wp-block-cover alignfull has-nv-site-bg-background-color has-background-dim\" style=\"min-height:600px\"><div class=\"wp-block-cover__inner-container\">\n<div class=\"wp-block-group\"><div class=\"wp-block-group__inner-container\">\n<div class=\"wp-block-columns are-vertically-aligned-center\">\n<div class=\"wp-block-column is-vertically-aligned-center\" style=\"flex-basis:50%\">\n<h3 class=\"has-text-align-right has-neve-text-color-color has-text-color\"><a href=\"http:\/\/parketarstvo-kovacic.si\/?page_id=573\">Polaganje gotovega parketa<\/a> (galerija)<\/h3>\n\n\n\n<p class=\"has-text-align-right has-neve-link-color-color has-text-color\">Gotovi parket lahko polo\u017eite na skoraj vsako podlago. Ko obnavljamo stanovanje, imamo dostikrat \u017ee lesena tla, na katera \u017eelimo polo\u017eiti nov parket. Novi parket preprosto z primernim lepilom prilepimo na obstoje\u010di parket ali leseno talno oblogo. Gotovi parket je zelo priporo\u010dljiv za estrihe z talnim gretjem. Pri tem pa moramo paziti, da je protokol talnega gretja predhodno zagnan. Gotovi parket se ne brusi in lakira. (pri kasnej\u0161i obnovi je mo\u017eno bru\u0161enje) Zaklju\u010dni sloj je \u017ee polakiran, kar omogo\u010da obremenitev polo\u017eenih prostorov po 24 urah.<\/p>\n<\/div>\n\n\n\n<div class=\"wp-block-column is-vertically-aligned-center\" style=\"flex-basis:50%\">\n<figure class=\"wp-block-image size-large is-style-default\"><img loading=\"lazy\" width=\"1024\" height=\"768\" src=\"http:\/\/parketarstvo-kovacic.si\/wp-content\/uploads\/2021\/06\/parket-LJ-009-1024x768.jpg\" alt=\"\" class=\"wp-image-433\" srcset=\"http:\/\/parketarstvo-kovacic.si\/wp-content\/uploads\/2021\/06\/parket-LJ-009-1024x768.jpg 1024w, http:\/\/parketarstvo-kovacic.si\/wp-content\/uploads\/2021\/06\/parket-LJ-009-300x225.jpg 300w, http:\/\/parketarstvo-kovacic.si\/wp-content\/uploads\/2021\/06\/parket-LJ-009-768x576.jpg 768w, http:\/\/parketarstvo-kovacic.si\/wp-content\/uploads\/2021\/06\/parket-LJ-009.jpg 1280w\" sizes=\"(max-width: 1024px) 100vw, 1024px\" \/><\/figure>\n<\/div>\n<\/div>\n<\/div><\/div>\n\n\n\n<p><\/p>\n<\/div><\/div>\n\n\n\n<div class=\"wp-block-cover alignfull has-neve-link-hover-color-background-color has-background-dim\" style=\"min-height:600px\"><div class=\"wp-block-cover__inner-container\">\n<div class=\"wp-block-group\"><div class=\"wp-block-group__inner-container\">\n<div class=\"wp-block-columns are-vertically-aligned-center\">\n<div class=\"wp-block-column is-vertically-aligned-center\" style=\"flex-basis:50%\">\n<figure class=\"wp-block-image size-large\"><img loading=\"lazy\" width=\"1024\" height=\"768\" src=\"https:\/\/parketarstvo-kovacic.si\/wp-content\/uploads\/2021\/06\/20180901_173252_HDR-1-1024x768.jpg\" alt=\"\" class=\"wp-image-543\" srcset=\"http:\/\/parketarstvo-kovacic.si\/wp-content\/uploads\/2021\/06\/20180901_173252_HDR-1-1024x768.jpg 1024w, http:\/\/parketarstvo-kovacic.si\/wp-content\/uploads\/2021\/06\/20180901_173252_HDR-1-300x225.jpg 300w, http:\/\/parketarstvo-kovacic.si\/wp-content\/uploads\/2021\/06\/20180901_173252_HDR-1-768x576.jpg 768w, http:\/\/parketarstvo-kovacic.si\/wp-content\/uploads\/2021\/06\/20180901_173252_HDR-1-1536x1152.jpg 1536w, http:\/\/parketarstvo-kovacic.si\/wp-content\/uploads\/2021\/06\/20180901_173252_HDR-1-2048x1536.jpg 2048w\" sizes=\"(max-width: 1024px) 100vw, 1024px\" \/><\/figure>\n<\/div>\n\n\n\n<div class=\"wp-block-column is-vertically-aligned-center\" style=\"flex-basis:50%\">\n<h3 class=\"has-text-align-left has-nv-text-dark-bg-color has-text-color\"><a href=\"https:\/\/parketarstvo-kovacic.si\/?page_id=504\">Polaganje masivnega parketa<\/a> (galerija)<\/h3>\n\n\n\n<p class=\"has-nv-site-bg-color has-text-color\">Glavni vrsti masivnega parketa sta -klasi\u010dni parket debeline 22mm in lamelni debeline 8mm. Obe vrsti se lepita na podlogo, ki je lahko estrih ali lesena podloga. Te vrste parketa je potrebno brusiti in lakirati zato je \u010das do vselitve malo dalj\u0161i.<\/p>\n<\/div>\n<\/div>\n<\/div><\/div>\n<\/div><\/div>\n\n\n\n<div class=\"wp-block-cover alignfull has-nv-site-bg-background-color has-background-dim\" style=\"min-height:600px\"><div class=\"wp-block-cover__inner-container\">\n<div class=\"wp-block-group\"><div class=\"wp-block-group__inner-container\">\n<div class=\"wp-block-columns are-vertically-aligned-center\">\n<div class=\"wp-block-column is-vertically-aligned-center\" style=\"flex-basis:50%\">\n<h3 class=\"has-text-align-right has-neve-text-color-color has-text-color\"><a href=\"http:\/\/parketarstvo-kovacic.si\/?page_id=604\">Polaganje laminata<\/a> (galerija)<\/h3>\n\n\n\n<p class=\"has-text-align-right has-neve-link-color-color has-text-color\">Tudi laminat polagamo na \u010disto in ravno podlago. Laminat se ne lepi, temve\u010d se polo\u017ei na primerno podlogo, ki pa je tudi zvo\u010dni izolator. med seboj se razlikujejo glede na razred obrabe in kon\u010dne obdelave povr\u0161ine, ki je lahko:<br>&#8211;&nbsp;klasi\u010dno ravna (BS),<br>&#8211; strukturna: z vidnimi lesnimi porami (WG),<br>&#8211; rustikalna: izgled krta\u010dene povr\u0161ine (RF).<\/p>\n<\/div>\n\n\n\n<div class=\"wp-block-column is-vertically-aligned-center\" style=\"flex-basis:50%\">\n<figure class=\"wp-block-image size-large\"><img loading=\"lazy\" width=\"1024\" height=\"768\" src=\"http:\/\/parketarstvo-kovacic.si\/wp-content\/uploads\/2021\/09\/IMG_20210615_103508-1024x768.jpg\" alt=\"\" class=\"wp-image-607\" srcset=\"http:\/\/parketarstvo-kovacic.si\/wp-content\/uploads\/2021\/09\/IMG_20210615_103508-1024x768.jpg 1024w, http:\/\/parketarstvo-kovacic.si\/wp-content\/uploads\/2021\/09\/IMG_20210615_103508-300x225.jpg 300w, http:\/\/parketarstvo-kovacic.si\/wp-content\/uploads\/2021\/09\/IMG_20210615_103508-768x576.jpg 768w, http:\/\/parketarstvo-kovacic.si\/wp-content\/uploads\/2021\/09\/IMG_20210615_103508-1536x1152.jpg 1536w, http:\/\/parketarstvo-kovacic.si\/wp-content\/uploads\/2021\/09\/IMG_20210615_103508-2048x1536.jpg 2048w\" sizes=\"(max-width: 1024px) 100vw, 1024px\" \/><\/figure>\n<\/div>\n<\/div>\n<\/div><\/div>\n\n\n\n<p><\/p>\n<\/div><\/div>\n\n\n\n<div class=\"wp-block-cover alignfull has-nv-light-bg-background-color has-background-dim\" style=\"min-height:600px\"><div class=\"wp-block-cover__inner-container\">\n<div class=\"wp-block-group\"><div class=\"wp-block-group__inner-container\">\n<div class=\"wp-block-columns are-vertically-aligned-center\">\n<div class=\"wp-block-column is-vertically-aligned-center\" style=\"flex-basis:50%\">\n<div class=\"wp-block-image\"><figure class=\"aligncenter size-large\"><img loading=\"lazy\" width=\"1024\" height=\"576\" src=\"http:\/\/parketarstvo-kovacic.si\/wp-content\/uploads\/2021\/09\/20170414_102208-1024x576.jpg\" alt=\"\" class=\"wp-image-625\" srcset=\"http:\/\/parketarstvo-kovacic.si\/wp-content\/uploads\/2021\/09\/20170414_102208-1024x576.jpg 1024w, http:\/\/parketarstvo-kovacic.si\/wp-content\/uploads\/2021\/09\/20170414_102208-300x169.jpg 300w, http:\/\/parketarstvo-kovacic.si\/wp-content\/uploads\/2021\/09\/20170414_102208-768x432.jpg 768w, http:\/\/parketarstvo-kovacic.si\/wp-content\/uploads\/2021\/09\/20170414_102208-1536x864.jpg 1536w, http:\/\/parketarstvo-kovacic.si\/wp-content\/uploads\/2021\/09\/20170414_102208-2048x1152.jpg 2048w\" sizes=\"(max-width: 1024px) 100vw, 1024px\" \/><\/figure><\/div>\n<\/div>\n\n\n\n<div class=\"wp-block-column is-vertically-aligned-center\" style=\"flex-basis:50%\">\n<div style=\"height:20px\" aria-hidden=\"true\" class=\"wp-block-spacer\"><\/div>\n\n\n\n<h3 class=\"has-text-align-left has-neve-text-color-color has-text-color\"><a href=\"https:\/\/parketarstvo-kovacic.si\/?page_id=517\">Polaganje PVC-VINIL obloge<\/a> (galerija)<\/h3>\n\n\n\n<p class=\"has-neve-link-color-color has-text-color\">Za polaganje vinilne talne obloge moramo imeti ravno in gladko podlago, kar dose\u017eemo z samoizravnalno maso. PVC lepimo z primernim lepilom. V ponudbi pa imamo tudi vinilne talne obloge na KLIK SISTEM, kjer pa ni potrebno lepljenje. Le primerna podlo\u017ena podloga. Da bi prepre\u010dili mehanske po\u0161kodbe in morebitno razbarvanje PVC talne obloge, je potrebno prekriti ostre noge pohi\u0161tva s posebnimi za\u0161\u010ditnimi plasti\u010dnimi \u010depki. Ne priporo\u010damo uporabe za\u0161\u010ditnih gumijastih \u010depkov, ki lahko pu\u0161\u010dajo sledove.<\/p>\n<\/div>\n<\/div>\n<\/div><\/div>\n<\/div><\/div>\n\n\n\n<div class=\"wp-block-cover alignfull has-neve-link-hover-color-background-color has-background-dim\" style=\"min-height:600px\"><div class=\"wp-block-cover__inner-container\">\n<div class=\"wp-block-group\"><div class=\"wp-block-group__inner-container\">\n<div class=\"wp-block-columns are-vertically-aligned-center\">\n<div class=\"wp-block-column is-vertically-aligned-center\" style=\"flex-basis:50%\">\n<h3 class=\"has-text-align-right has-neve-text-color-color has-text-color\"><a href=\"http:\/\/parketarstvo-kovacic.si\/?page_id=645\">Polaganje gume<\/a> (galerija)<\/h3>\n\n\n\n<p class=\"has-text-align-right\">&nbsp;Guma je homogena talna obloga iz naravnega in umetnega kav\u010duka z dodanimi minerali in naravnimi pigmenti.<br>&nbsp;Odlikuje se po svoji pro\u017enosti, dobri zvo\u010dni izolativnosti in dolgi \u017eivljenjski dobi. Hoja po gumenih talnih oblogah je udobna. Idealna je za prostore, kjer se zahteva maksimalna stopnja \u010disto\u010de, saj je mo\u017ena izvedba z varjenjem stikov med posameznimi rolami. Ker ne drsi in ne prevaja elektrike, je primerna za polaganje v zdravstvene ustanove, \u0161ole, kuhinje ter najrazli\u010dnej\u0161e poslovne prostore. V posebnih dizajnih je namenjena tudi za polaganje v operacijske dvorane. Polaganje se izvede hitro, \u010di\u0161\u010denje in vzdr\u017eevanje gumene talne obloge pa je enostavno.<\/p>\n<\/div>\n\n\n\n<div class=\"wp-block-column is-vertically-aligned-center\" style=\"flex-basis:50%\">\n<figure class=\"wp-block-image size-large\"><img loading=\"lazy\" width=\"1024\" height=\"577\" src=\"http:\/\/parketarstvo-kovacic.si\/wp-content\/uploads\/2021\/08\/parket-doma-1089-1024x577.jpg\" alt=\"\" class=\"wp-image-550\" srcset=\"http:\/\/parketarstvo-kovacic.si\/wp-content\/uploads\/2021\/08\/parket-doma-1089-1024x577.jpg 1024w, http:\/\/parketarstvo-kovacic.si\/wp-content\/uploads\/2021\/08\/parket-doma-1089-300x169.jpg 300w, http:\/\/parketarstvo-kovacic.si\/wp-content\/uploads\/2021\/08\/parket-doma-1089-768x433.jpg 768w, http:\/\/parketarstvo-kovacic.si\/wp-content\/uploads\/2021\/08\/parket-doma-1089-1536x866.jpg 1536w, http:\/\/parketarstvo-kovacic.si\/wp-content\/uploads\/2021\/08\/parket-doma-1089-2048x1155.jpg 2048w\" sizes=\"(max-width: 1024px) 100vw, 1024px\" \/><\/figure>\n<\/div>\n<\/div>\n<\/div><\/div>\n<\/div><\/div>\n\n\n\n<div class=\"wp-block-cover alignfull has-nv-light-bg-background-color has-background-dim\" style=\"min-height:600px\"><div class=\"wp-block-cover__inner-container\">\n<div class=\"wp-block-group\"><div class=\"wp-block-group__inner-container\">\n<div class=\"wp-block-columns are-vertically-aligned-center\">\n<div class=\"wp-block-column is-vertically-aligned-center\" style=\"flex-basis:50%\">\n<figure class=\"wp-block-image size-large\"><img loading=\"lazy\" width=\"1024\" height=\"577\" src=\"http:\/\/parketarstvo-kovacic.si\/wp-content\/uploads\/2021\/09\/IMAG0348-1024x577.jpg\" alt=\"\" class=\"wp-image-654\" srcset=\"http:\/\/parketarstvo-kovacic.si\/wp-content\/uploads\/2021\/09\/IMAG0348-1024x577.jpg 1024w, http:\/\/parketarstvo-kovacic.si\/wp-content\/uploads\/2021\/09\/IMAG0348-300x169.jpg 300w, http:\/\/parketarstvo-kovacic.si\/wp-content\/uploads\/2021\/09\/IMAG0348-768x433.jpg 768w, http:\/\/parketarstvo-kovacic.si\/wp-content\/uploads\/2021\/09\/IMAG0348-1536x866.jpg 1536w, http:\/\/parketarstvo-kovacic.si\/wp-content\/uploads\/2021\/09\/IMAG0348-2048x1155.jpg 2048w\" sizes=\"(max-width: 1024px) 100vw, 1024px\" \/><\/figure>\n<\/div>\n\n\n\n<div class=\"wp-block-column is-vertically-aligned-center\" style=\"flex-basis:50%\">\n<h3 class=\"has-text-align-left has-neve-text-color-color has-text-color\"><a href=\"http:\/\/parketarstvo-kovacic.si\/?page_id=651\">Polaganje tekstila <\/a>(galerija)<\/h3>\n\n\n\n<p class=\"has-neve-link-color-color has-text-color\">Tekstilne talne obloge obstajajo v razli\u010dnih kakovostnih razredih, glede na uporabo in tudi v razli\u010dnih dimenzijah. Lahko so v ve\u010djem kosu &#8211; roli ali pa v plo\u0161\u010dah.<\/p>\n<\/div>\n<\/div>\n<\/div><\/div>\n<\/div><\/div>\n\n\n\n<div class=\"wp-block-cover alignfull has-nv-site-bg-background-color has-background-dim\" style=\"min-height:600px\"><div class=\"wp-block-cover__inner-container\">\n<div class=\"wp-block-group\"><div class=\"wp-block-group__inner-container\">\n<div class=\"wp-block-columns are-vertically-aligned-center\">\n<div class=\"wp-block-column is-vertically-aligned-center\" style=\"flex-basis:50%\">\n<h3 class=\"has-text-align-right has-neve-text-color-color has-text-color\"><a href=\"http:\/\/parketarstvo-kovacic.si\/?page_id=534\">Zunanje terase<\/a> (galerija)<\/h3>\n\n\n\n<p class=\"has-text-align-right has-neve-link-color-color has-text-color\">Izvajamo tudi polaganje talnih oblog na zunanjih terasah z razli\u010dnimi materiali.<\/p>\n<\/div>\n\n\n\n<div class=\"wp-block-column is-vertically-aligned-center\" style=\"flex-basis:50%\">\n<figure class=\"wp-block-image size-large\"><img loading=\"lazy\" width=\"1024\" height=\"576\" src=\"http:\/\/parketarstvo-kovacic.si\/wp-content\/uploads\/2021\/06\/20170315_114554-1024x576.jpg\" alt=\"\" class=\"wp-image-536\" srcset=\"http:\/\/parketarstvo-kovacic.si\/wp-content\/uploads\/2021\/06\/20170315_114554-1024x576.jpg 1024w, http:\/\/parketarstvo-kovacic.si\/wp-content\/uploads\/2021\/06\/20170315_114554-300x169.jpg 300w, http:\/\/parketarstvo-kovacic.si\/wp-content\/uploads\/2021\/06\/20170315_114554-768x432.jpg 768w, http:\/\/parketarstvo-kovacic.si\/wp-content\/uploads\/2021\/06\/20170315_114554-1536x864.jpg 1536w, http:\/\/parketarstvo-kovacic.si\/wp-content\/uploads\/2021\/06\/20170315_114554-2048x1152.jpg 2048w\" sizes=\"(max-width: 1024px) 100vw, 1024px\" \/><\/figure>\n<\/div>\n<\/div>\n<\/div><\/div>\n\n\n\n<p><\/p>\n<\/div><\/div>\n\n\n\n<div class=\"wp-block-cover alignfull has-neve-link-hover-color-background-color has-background-dim\" style=\"min-height:600px\"><div class=\"wp-block-cover__inner-container\">\n<div class=\"wp-block-group\"><div class=\"wp-block-group__inner-container\">\n<div class=\"wp-block-columns are-vertically-aligned-center\">\n<div class=\"wp-block-column is-vertically-aligned-center\" style=\"flex-basis:50%\">\n<figure class=\"wp-block-image size-large\"><img loading=\"lazy\" width=\"1024\" height=\"576\" src=\"http:\/\/parketarstvo-kovacic.si\/wp-content\/uploads\/2021\/06\/20170704_122930-1-1024x576.jpg\" alt=\"\" class=\"wp-image-473\" srcset=\"http:\/\/parketarstvo-kovacic.si\/wp-content\/uploads\/2021\/06\/20170704_122930-1-1024x576.jpg 1024w, http:\/\/parketarstvo-kovacic.si\/wp-content\/uploads\/2021\/06\/20170704_122930-1-300x169.jpg 300w, http:\/\/parketarstvo-kovacic.si\/wp-content\/uploads\/2021\/06\/20170704_122930-1-768x432.jpg 768w, http:\/\/parketarstvo-kovacic.si\/wp-content\/uploads\/2021\/06\/20170704_122930-1-1536x864.jpg 1536w, http:\/\/parketarstvo-kovacic.si\/wp-content\/uploads\/2021\/06\/20170704_122930-1-2048x1152.jpg 2048w\" sizes=\"(max-width: 1024px) 100vw, 1024px\" \/><\/figure>\n<\/div>\n\n\n\n<div class=\"wp-block-column is-vertically-aligned-center\" style=\"flex-basis:50%\">\n<h3 class=\"has-text-align-left has-nv-text-dark-bg-color has-text-color\"><a href=\"https:\/\/parketarstvo-kovacic.si\/?page_id=504\">\u0160portni podi<\/a> (galerija)<\/h3>\n\n\n\n<p class=\"has-nv-site-bg-color has-text-color\">Podjetje ima ve\u010dletne izku\u0161nje pri polaganju \u0161portnih podov. Na\u0161e kon\u010dne izdelke iz proces izdelave si oglejte v zgornji galeriji.<\/p>\n<\/div>\n<\/div>\n<\/div><\/div>\n<\/div><\/div>\n\n\n\n<div class=\"wp-block-image\"><figure class=\"aligncenter size-large\"><img loading=\"lazy\" width=\"877\" height=\"140\" src=\"https:\/\/parketarstvo-kovacic.si\/wp-content\/uploads\/2021\/05\/cropped-parketarstvo-mk-e1621949865310.jpg\" alt=\"\" class=\"wp-image-313\" srcset=\"http:\/\/parketarstvo-kovacic.si\/wp-content\/uploads\/2021\/05\/cropped-parketarstvo-mk-e1621949865310.jpg 877w, http:\/\/parketarstvo-kovacic.si\/wp-content\/uploads\/2021\/05\/cropped-parketarstvo-mk-e1621949865310-300x48.jpg 300w, http:\/\/parketarstvo-kovacic.si\/wp-content\/uploads\/2021\/05\/cropped-parketarstvo-mk-e1621949865310-768x123.jpg 768w\" sizes=\"(max-width: 877px) 100vw, 877px\" \/><\/figure><\/div>\n","protected":false},"excerpt":{"rendered":"","protected":false},"author":1,"featured_media":0,"parent":0,"menu_order":0,"comment_status":"closed","ping_status":"closed","template":"","meta":{"neve_meta_sidebar":"default","neve_meta_container":"default","neve_meta_enable_content_width":"on","neve_meta_content_width":100,"neve_meta_title_alignment":"","neve_meta_author_avatar":"","neve_post_elements_order":"","neve_meta_disable_header":"","neve_meta_disable_footer":"","neve_meta_disable_title":"on","ngg_post_thumbnail":0,"_ti_tpc_template_sync":false,"_ti_tpc_template_id":"cwhkd9lki581rusuhjti"},"_links":{"self":[{"href":"http:\/\/parketarstvo-kovacic.si\/index.php?rest_route=\/wp\/v2\/pages\/230"}],"collection":[{"href":"http:\/\/parketarstvo-kovacic.si\/index.php?rest_route=\/wp\/v2\/pages"}],"about":[{"href":"http:\/\/parketarstvo-kovacic.si\/index.php?rest_route=\/wp\/v2\/types\/page"}],"author":[{"embeddable":true,"href":"http:\/\/parketarstvo-kovacic.si\/index.php?rest_route=\/wp\/v2\/users\/1"}],"replies":[{"embeddable":true,"href":"http:\/\/parketarstvo-kovacic.si\/index.php?rest_route=%2Fwp%2Fv2%2Fcomments&post=230"}],"version-history":[{"count":33,"href":"http:\/\/parketarstvo-kovacic.si\/index.php?rest_route=\/wp\/v2\/pages\/230\/revisions"}],"predecessor-version":[{"id":676,"href":"http:\/\/parketarstvo-kovacic.si\/index.php?rest_route=\/wp\/v2\/pages\/230\/revisions\/676"}],"wp:attachment":[{"href":"http:\/\/parketarstvo-kovacic.si\/index.php?rest_route=%2Fwp%2Fv2%2Fmedia&parent=230"}],"curies":[{"name":"wp","href":"https:\/\/api.w.org\/{rel}","templated":true}]}}