{"id":25,"date":"2021-05-04T11:48:30","date_gmt":"2021-05-04T11:48:30","guid":{"rendered":"https:\/\/parketarstvo-kovacic.si\/?page_id=25"},"modified":"2021-06-01T07:50:19","modified_gmt":"2021-06-01T07:50:19","slug":"contact","status":"publish","type":"page","link":"http:\/\/parketarstvo-kovacic.si\/?page_id=25","title":{"rendered":"Kontakt"},"content":{"rendered":"\n<p>Parketarstvo Marjan Kova\u010di\u010d s.p.<\/p>\n\n\n\n<p>D.\u0160.:  30227984<\/p>\n\n\n\n<p>M.\u0160.: 1090569000<\/p>\n\n\n\n<p>TRR: SI56 3000 0001 1248 544, oprt pri <em>Sberbank d.d.<\/em><\/p>\n","protected":false},"excerpt":{"rendered":"<p>Parketarstvo Marjan Kova\u010di\u010d s.p. D.\u0160.: 30227984 M.\u0160.: 1090569000 TRR: SI56 3000 0001 1248 544, oprt pri Sberbank d.d.<\/p>\n","protected":false},"author":1,"featured_media":0,"parent":0,"menu_order":0,"comment_status":"closed","ping_status":"closed","template":"","meta":{"neve_meta_sidebar":"","neve_meta_container":"","neve_meta_enable_content_width":"","neve_meta_content_width":0,"neve_meta_title_alignment":"","neve_meta_author_avatar":"","neve_post_elements_order":"","neve_meta_disable_header":"","neve_meta_disable_footer":"","neve_meta_disable_title":"","ngg_post_thumbnail":0,"_ti_tpc_template_sync":false,"_ti_tpc_template_id":""},"_links":{"self":[{"href":"http:\/\/parketarstvo-kovacic.si\/index.php?rest_route=\/wp\/v2\/pages\/25"}],"collection":[{"href":"http:\/\/parketarstvo-kovacic.si\/index.php?rest_route=\/wp\/v2\/pages"}],"about":[{"href":"http:\/\/parketarstvo-kovacic.si\/index.php?rest_route=\/wp\/v2\/types\/page"}],"author":[{"embeddable":true,"href":"http:\/\/parketarstvo-kovacic.si\/index.php?rest_route=\/wp\/v2\/users\/1"}],"replies":[{"embeddable":true,"href":"http:\/\/parketarstvo-kovacic.si\/index.php?rest_route=%2Fwp%2Fv2%2Fcomments&post=25"}],"version-history":[{"count":2,"href":"http:\/\/parketarstvo-kovacic.si\/index.php?rest_route=\/wp\/v2\/pages\/25\/revisions"}],"predecessor-version":[{"id":339,"href":"http:\/\/parketarstvo-kovacic.si\/index.php?rest_route=\/wp\/v2\/pages\/25\/revisions\/339"}],"wp:attachment":[{"href":"http:\/\/parketarstvo-kovacic.si\/index.php?rest_route=%2Fwp%2Fv2%2Fmedia&parent=25"}],"curies":[{"name":"wp","href":"https:\/\/api.w.org\/{rel}","templated":true}]}}