{"id":61,"date":"2020-01-23T18:21:52","date_gmt":"2020-01-23T18:21:52","guid":{"rendered":"https:\/\/demosites.io\/web-agency-gb\/?page_id=61"},"modified":"2021-05-25T13:21:28","modified_gmt":"2021-05-25T13:21:28","slug":"15c42-web-agency-gb-about-us","status":"publish","type":"page","link":"http:\/\/parketarstvo-kovacic.si\/?page_id=61","title":{"rendered":"O nas"},"content":{"rendered":"\n<div class=\"wp-block-cover alignfull has-nv-site-bg-background-color has-background-dim\" style=\"min-height:300px\"><div class=\"wp-block-cover__inner-container\">\n<div class=\"wp-block-group\"><div class=\"wp-block-group__inner-container\">\n<h1 class=\"has-text-align-left has-neve-text-color-color has-text-color\"><\/h1>\n<\/div><\/div>\n<\/div><\/div>\n\n\n\n<div class=\"wp-block-cover alignfull has-nv-light-bg-background-color has-background-dim\" style=\"min-height:600px\"><div class=\"wp-block-cover__inner-container\">\n<div class=\"wp-block-group\"><div class=\"wp-block-group__inner-container\">\n<div style=\"height:80px\" aria-hidden=\"true\" class=\"wp-block-spacer\"><\/div>\n\n\n\n<div class=\"wp-block-columns are-vertically-aligned-center\">\n<div class=\"wp-block-column is-vertically-aligned-center\" style=\"flex-basis:50%\">\n<figure class=\"wp-block-image size-large\"><img loading=\"lazy\" width=\"1024\" height=\"768\" src=\"https:\/\/parketarstvo-kovacic.si\/wp-content\/uploads\/2021\/05\/stari-parket-1024x768.jpg\" alt=\"\" class=\"wp-image-305\" srcset=\"http:\/\/parketarstvo-kovacic.si\/wp-content\/uploads\/2021\/05\/stari-parket-1024x768.jpg 1024w, http:\/\/parketarstvo-kovacic.si\/wp-content\/uploads\/2021\/05\/stari-parket-300x225.jpg 300w, http:\/\/parketarstvo-kovacic.si\/wp-content\/uploads\/2021\/05\/stari-parket-768x576.jpg 768w, http:\/\/parketarstvo-kovacic.si\/wp-content\/uploads\/2021\/05\/stari-parket.jpg 1174w\" sizes=\"(max-width: 1024px) 100vw, 1024px\" \/><\/figure>\n<\/div>\n\n\n\n<div class=\"wp-block-column is-vertically-aligned-center\" style=\"flex-basis:50%\">\n<h2 class=\"has-neve-text-color-color has-text-color\">Na\u0161a zgodba&#8230;<\/h2>\n\n\n\n<p class=\"has-neve-text-color-color has-text-color has-medium-font-size\">Parket, vinil, laminat, PVC, tekstil&#8230;<\/p>\n\n\n\n<p class=\"has-neve-text-color-color has-text-color\">Na\u0161 za\u010detek ponudbe sega v leto 1997 na zahtevnem tr\u017ei\u0161\u010du parketarstva. Imamo veliko izku\u0161enj in znanja, ki ga z veseljem prenesemo na naro\u010dnika. Na\u0161a osnovna dejavnost je parketarstvo, kar pomeni, da smo usmerjeni v eno dejavnost in to opravljamo kar se da kvalitetno, predvsem pa v veliko zadovoljstvo naro\u010dnika.<\/p>\n<\/div>\n<\/div>\n\n\n\n<div style=\"height:40px\" aria-hidden=\"true\" class=\"wp-block-spacer\"><\/div>\n<\/div><\/div>\n<\/div><\/div>\n\n\n\n<div class=\"wp-block-cover alignfull has-nv-dark-bg-background-color has-background-dim\" style=\"min-height:600px\"><div class=\"wp-block-cover__inner-container\">\n<div class=\"wp-block-group\"><div class=\"wp-block-group__inner-container\">\n<div style=\"height:80px\" aria-hidden=\"true\" class=\"wp-block-spacer\"><\/div>\n\n\n\n<div class=\"wp-block-columns are-vertically-aligned-center\">\n<div class=\"wp-block-column is-vertically-aligned-center\" style=\"flex-basis:50%\">\n<h2 class=\"has-nv-text-dark-bg-color has-text-color\">Imate vpra\u0161anje? Mi imamo odgovor&#8230;<\/h2>\n\n\n\n<p>Mi<\/p>\n\n\n\n<p class=\"has-nv-text-dark-bg-color has-text-color\">Sporo\u010dite nam va\u0161e \u017eelje. V najkraj\u0161em mo\u017enem \u010dasu Vam bomo odgovorili na Va\u0161a vpra\u0161anja in Vam svetovali&#8230;<\/p>\n\n\n\n<div style=\"height:20px\" aria-hidden=\"true\" class=\"wp-block-spacer\"><\/div>\n\n\n\n<div class=\"wp-block-buttons\">\n<div class=\"wp-block-button is-style-primary\"><a class=\"wp-block-button__link\" href=\"https:\/\/parketarstvo-kovacic.si\/web-agency-gb-contact-us\/\">LET\u2019S TALK<\/a><\/div>\n<\/div>\n\n\n\n<div style=\"height:20px\" aria-hidden=\"true\" class=\"wp-block-spacer\"><\/div>\n<\/div>\n\n\n\n<div class=\"wp-block-column is-vertically-aligned-center\" style=\"flex-basis:50%\">\n<figure class=\"wp-block-image size-large\"><img src=\"https:\/\/parketarstvo-kovacic.si\/wp-content\/uploads\/2020\/01\/neve-web-design-bg-12.jpg\" alt=\"\" class=\"wp-image-39\"\/><\/figure>\n<\/div>\n<\/div>\n\n\n\n<div style=\"height:40px\" aria-hidden=\"true\" class=\"wp-block-spacer\"><\/div>\n<\/div><\/div>\n<\/div><\/div>\n","protected":false},"excerpt":{"rendered":"","protected":false},"author":1,"featured_media":0,"parent":0,"menu_order":0,"comment_status":"closed","ping_status":"closed","template":"","meta":{"neve_meta_sidebar":"default","neve_meta_container":"default","neve_meta_enable_content_width":"on","neve_meta_content_width":100,"neve_meta_title_alignment":"","neve_meta_author_avatar":"","neve_post_elements_order":"","neve_meta_disable_header":"","neve_meta_disable_footer":"","neve_meta_disable_title":"on","ngg_post_thumbnail":0,"_ti_tpc_template_sync":false,"_ti_tpc_template_id":"0qhau2t6eoekosrgo1a2"},"_links":{"self":[{"href":"http:\/\/parketarstvo-kovacic.si\/index.php?rest_route=\/wp\/v2\/pages\/61"}],"collection":[{"href":"http:\/\/parketarstvo-kovacic.si\/index.php?rest_route=\/wp\/v2\/pages"}],"about":[{"href":"http:\/\/parketarstvo-kovacic.si\/index.php?rest_route=\/wp\/v2\/types\/page"}],"author":[{"embeddable":true,"href":"http:\/\/parketarstvo-kovacic.si\/index.php?rest_route=\/wp\/v2\/users\/1"}],"replies":[{"embeddable":true,"href":"http:\/\/parketarstvo-kovacic.si\/index.php?rest_route=%2Fwp%2Fv2%2Fcomments&post=61"}],"version-history":[{"count":2,"href":"http:\/\/parketarstvo-kovacic.si\/index.php?rest_route=\/wp\/v2\/pages\/61\/revisions"}],"predecessor-version":[{"id":308,"href":"http:\/\/parketarstvo-kovacic.si\/index.php?rest_route=\/wp\/v2\/pages\/61\/revisions\/308"}],"wp:attachment":[{"href":"http:\/\/parketarstvo-kovacic.si\/index.php?rest_route=%2Fwp%2Fv2%2Fmedia&parent=61"}],"curies":[{"name":"wp","href":"https:\/\/api.w.org\/{rel}","templated":true}]}}